

{"id":24,"date":"2025-04-07T10:46:13","date_gmt":"2025-04-07T10:46:13","guid":{"rendered":"https:\/\/www.www.prugent.com\/?page_id=24"},"modified":"2025-07-08T13:42:35","modified_gmt":"2025-07-08T13:42:35","slug":"commitments","status":"publish","type":"page","link":"https:\/\/www.prugent.com\/en\/engagements\/","title":{"rendered":"Commitments"},"content":{"rendered":"\t\t<div data-elementor-type=\"wp-page\" data-elementor-id=\"24\" class=\"elementor elementor-24\" data-elementor-post-type=\"page\">\n\t\t\t\t<div class=\"elementor-element elementor-element-2a16c2c e-con-full elementor-hidden-tablet elementor-hidden-mobile top_header_icon_page e-flex e-con e-parent\" data-id=\"2a16c2c\" data-element_type=\"container\" data-e-type=\"container\" data-settings=\"{&quot;background_background&quot;:&quot;classic&quot;}\">\n\t\t\t\t<div class=\"elementor-element elementor-element-0353e64 elementor-absolute arrow_header_down elementor-view-default elementor-widget elementor-widget-icon\" data-id=\"0353e64\" data-element_type=\"widget\" data-e-type=\"widget\" data-settings=\"{&quot;_position&quot;:&quot;absolute&quot;}\" data-widget_type=\"icon.default\">\n\t\t\t\t<div class=\"elementor-widget-container\">\n\t\t\t\t\t\t\t<div class=\"elementor-icon-wrapper\">\n\t\t\t<div class=\"elementor-icon\">\n\t\t\t<svg xmlns=\"http:\/\/www.w3.org\/2000\/svg\" id=\"a\" data-name=\"Calque 1\" width=\"12\" height=\"8.5\" viewBox=\"0 0 12 8.5\"><g id=\"b\" data-name=\"Groupe 413\"><g id=\"c\" data-name=\"Groupe 104\"><g id=\"d\" data-name=\"Groupe 103\"><line id=\"e\" data-name=\"Ligne 109\" x1=\"6\" y1=\".5\" x2=\"6\" y2=\"8\" fill=\"none\" stroke=\"#fff\" stroke-linecap=\"round\" stroke-linejoin=\"round\"><\/line><path id=\"f\" data-name=\"Trac&#xE9; 133\" d=\"M11.5,4.3636l-5.5,3.6364L.5,4.3636\" fill=\"none\" stroke=\"#fff\" stroke-linecap=\"round\" stroke-linejoin=\"round\"><\/path><\/g><\/g><\/g><\/svg>\t\t\t<\/div>\n\t\t<\/div>\n\t\t\t\t\t\t<\/div>\n\t\t\t\t<\/div>\n\t\t\t\t<\/div>\n\t\t<div class=\"elementor-element elementor-element-33ae20a e-con-full mon_header_page e-flex e-con e-parent\" data-id=\"33ae20a\" data-element_type=\"container\" data-e-type=\"container\" data-settings=\"{&quot;background_background&quot;:&quot;classic&quot;}\">\n\t\t<div class=\"elementor-element elementor-element-795a805 e-con-full hero-content-page-2 e-flex e-con e-child\" data-id=\"795a805\" data-element_type=\"container\" data-e-type=\"container\" data-settings=\"{&quot;position&quot;:&quot;absolute&quot;}\">\n\t\t\t\t<div class=\"elementor-element elementor-element-ba21cfe hero-content-header-2 elementor-widget elementor-widget-heading\" data-id=\"ba21cfe\" data-element_type=\"widget\" data-e-type=\"widget\" data-settings=\"{&quot;motion_fx_motion_fx_scrolling&quot;:&quot;yes&quot;,&quot;motion_fx_translateY_effect&quot;:&quot;yes&quot;,&quot;motion_fx_translateY_speed&quot;:{&quot;unit&quot;:&quot;px&quot;,&quot;size&quot;:2,&quot;sizes&quot;:[]},&quot;motion_fx_opacity_effect&quot;:&quot;yes&quot;,&quot;motion_fx_opacity_range&quot;:{&quot;unit&quot;:&quot;%&quot;,&quot;size&quot;:&quot;&quot;,&quot;sizes&quot;:{&quot;start&quot;:0,&quot;end&quot;:30}},&quot;motion_fx_translateY_affectedRange&quot;:{&quot;unit&quot;:&quot;%&quot;,&quot;size&quot;:&quot;&quot;,&quot;sizes&quot;:{&quot;start&quot;:0,&quot;end&quot;:100}},&quot;motion_fx_opacity_direction&quot;:&quot;out-in&quot;,&quot;motion_fx_opacity_level&quot;:{&quot;unit&quot;:&quot;px&quot;,&quot;size&quot;:10,&quot;sizes&quot;:[]},&quot;motion_fx_devices&quot;:[&quot;desktop&quot;,&quot;tablet&quot;,&quot;mobile&quot;]}\" data-widget_type=\"heading.default\">\n\t\t\t\t<div class=\"elementor-widget-container\">\n\t\t\t\t\t<h1 class=\"elementor-heading-title elementor-size-default\">ENGAGEMENTS<\/h1>\t\t\t\t<\/div>\n\t\t\t\t<\/div>\n\t\t\t\t<div class=\"elementor-element elementor-element-233e07c hero-content-subtitle-2 elementor-widget elementor-widget-text-editor\" data-id=\"233e07c\" data-element_type=\"widget\" data-e-type=\"widget\" data-settings=\"{&quot;motion_fx_motion_fx_scrolling&quot;:&quot;yes&quot;,&quot;motion_fx_translateY_effect&quot;:&quot;yes&quot;,&quot;motion_fx_opacity_effect&quot;:&quot;yes&quot;,&quot;motion_fx_opacity_range&quot;:{&quot;unit&quot;:&quot;%&quot;,&quot;size&quot;:&quot;&quot;,&quot;sizes&quot;:{&quot;start&quot;:20,&quot;end&quot;:50}},&quot;motion_fx_translateY_speed&quot;:{&quot;unit&quot;:&quot;px&quot;,&quot;size&quot;:4,&quot;sizes&quot;:[]},&quot;motion_fx_translateY_affectedRange&quot;:{&quot;unit&quot;:&quot;%&quot;,&quot;size&quot;:&quot;&quot;,&quot;sizes&quot;:{&quot;start&quot;:0,&quot;end&quot;:100}},&quot;motion_fx_opacity_direction&quot;:&quot;out-in&quot;,&quot;motion_fx_opacity_level&quot;:{&quot;unit&quot;:&quot;px&quot;,&quot;size&quot;:10,&quot;sizes&quot;:[]},&quot;motion_fx_devices&quot;:[&quot;desktop&quot;,&quot;tablet&quot;,&quot;mobile&quot;]}\" data-widget_type=\"text-editor.default\">\n\t\t\t\t<div class=\"elementor-widget-container\">\n\t\t\t\t\t\t\t\t\t<p>DES ENGAGEMENTS AMBITIEUX<br \/>ET DES PROGR\u00c8S IMPORTANTS AU FIL DES ANS<\/p>\t\t\t\t\t\t\t\t<\/div>\n\t\t\t\t<\/div>\n\t\t\t\t<div class=\"elementor-element elementor-element-bfc98e4 hero-content-description-2 elementor-widget__width-initial elementor-widget elementor-widget-text-editor\" data-id=\"bfc98e4\" data-element_type=\"widget\" data-e-type=\"widget\" data-settings=\"{&quot;motion_fx_motion_fx_scrolling&quot;:&quot;yes&quot;,&quot;motion_fx_translateY_effect&quot;:&quot;yes&quot;,&quot;motion_fx_translateY_speed&quot;:{&quot;unit&quot;:&quot;px&quot;,&quot;size&quot;:6,&quot;sizes&quot;:[]},&quot;motion_fx_opacity_effect&quot;:&quot;yes&quot;,&quot;motion_fx_opacity_range&quot;:{&quot;unit&quot;:&quot;%&quot;,&quot;size&quot;:&quot;&quot;,&quot;sizes&quot;:{&quot;start&quot;:40,&quot;end&quot;:70}},&quot;motion_fx_translateY_affectedRange&quot;:{&quot;unit&quot;:&quot;%&quot;,&quot;size&quot;:&quot;&quot;,&quot;sizes&quot;:{&quot;start&quot;:0,&quot;end&quot;:100}},&quot;motion_fx_opacity_direction&quot;:&quot;out-in&quot;,&quot;motion_fx_opacity_level&quot;:{&quot;unit&quot;:&quot;px&quot;,&quot;size&quot;:10,&quot;sizes&quot;:[]},&quot;motion_fx_devices&quot;:[&quot;desktop&quot;,&quot;tablet&quot;,&quot;mobile&quot;]}\" data-widget_type=\"text-editor.default\">\n\t\t\t\t<div class=\"elementor-widget-container\">\n\t\t\t\t\t\t\t\t\t<p>Depuis 1947, Prugent s\u2019ancre dans une culture familiale forte, qui a pour fondement le respect de l\u2019environnement et des valeurs humaines.<\/p>\t\t\t\t\t\t\t\t<\/div>\n\t\t\t\t<\/div>\n\t\t\t\t<\/div>\n\t\t\t\t<\/div>\n\t\t<div class=\"elementor-element elementor-element-c29cb81 e-flex e-con-boxed e-con e-parent\" data-id=\"c29cb81\" data-element_type=\"container\" data-e-type=\"container\">\n\t\t\t\t\t<div class=\"e-con-inner\">\n\t\t\t\t<div class=\"elementor-element elementor-element-c850ca3 elementor-widget elementor-widget-html\" data-id=\"c850ca3\" data-element_type=\"widget\" data-e-type=\"widget\" data-widget_type=\"html.default\">\n\t\t\t\t<div class=\"elementor-widget-container\">\n\t\t\t\t\t<div style=\"\n  position: absolute;\n  left: 50%;\n  transform: translateX(-50%);\n  width: 0;\n  height: 0;\n  border-left: 18px solid transparent;\n  border-right: 18px solid transparent;\n  border-top: 20px solid #1C1C1C;\n  z-index: 10;\n\"><\/div>\t\t\t\t<\/div>\n\t\t\t\t<\/div>\n\t\t\t\t\t<\/div>\n\t\t\t\t<\/div>\n\t\t<div class=\"elementor-element elementor-element-195df26 content-after-mask e-flex e-con-boxed e-con e-parent\" data-id=\"195df26\" data-element_type=\"container\" data-e-type=\"container\">\n\t\t\t\t\t<div class=\"e-con-inner\">\n\t\t<div class=\"elementor-element elementor-element-12ea1de e-con-full e-flex elementor-invisible e-con e-child\" data-id=\"12ea1de\" data-element_type=\"container\" data-e-type=\"container\" data-settings=\"{&quot;animation&quot;:&quot;fadeIn&quot;}\">\n\t\t<div class=\"elementor-element elementor-element-01f8da1 e-con-full e-flex e-con e-child\" data-id=\"01f8da1\" data-element_type=\"container\" data-e-type=\"container\">\n\t\t\t\t<div class=\"elementor-element elementor-element-a99b4f7 elementor-widget elementor-widget-heading\" data-id=\"a99b4f7\" data-element_type=\"widget\" data-e-type=\"widget\" data-widget_type=\"heading.default\">\n\t\t\t\t<div class=\"elementor-widget-container\">\n\t\t\t\t\t<h2 class=\"elementor-heading-title elementor-size-default\">NOTRE MISSION POUR L\u2019ENVIRONNEMENT<\/h2>\t\t\t\t<\/div>\n\t\t\t\t<\/div>\n\t\t\t\t<div class=\"elementor-element elementor-element-03ca075 elementor-widget elementor-widget-text-editor\" data-id=\"03ca075\" data-element_type=\"widget\" data-e-type=\"widget\" data-widget_type=\"text-editor.default\">\n\t\t\t\t<div class=\"elementor-widget-container\">\n\t\t\t\t\t\t\t\t\t<p>Parce que Prugent est n\u00e9 dans un \u00e9crin de nature au c\u0153ur des Pyr\u00e9n\u00e9es et que les for\u00eats sont la source de notre m\u00e9tier, la protection de l\u2019environnement est notre priorit\u00e9. Cet engagement se mesure \u00e0 travers nos actions mises en place dans nos bureaux via l\u2019installation de trackers ou panneaux solaires , une gestion de nos propres d\u00e9chets maitris\u00e9e et une strat\u00e9gie de protection de la biodiversit\u00e9 avec la mise en place de multiples projets. Nous nous engageons aussi sur vos projets avec un travail d\u2019\u00e9co-conception r\u00e9alis\u00e9 par nos experts et nos artisans qui vous accompagnent sur l\u2019ensemble de la chaine de valeur pour obtenir toutes les certifications d\u2019usage (leed, breeam).<\/p>\t\t\t\t\t\t\t\t<\/div>\n\t\t\t\t<\/div>\n\t\t\t\t<div class=\"elementor-element elementor-element-88b9584 cta_link elementor-widget elementor-widget-button\" data-id=\"88b9584\" data-element_type=\"widget\" data-e-type=\"widget\" data-widget_type=\"button.default\">\n\t\t\t\t<div class=\"elementor-widget-container\">\n\t\t\t\t\t\t\t\t\t<div class=\"elementor-button-wrapper\">\n\t\t\t\t\t<a class=\"elementor-button elementor-button-link elementor-size-sm\" href=\"https:\/\/www.prugent.com\/services\/\">\n\t\t\t\t\t\t<span class=\"elementor-button-content-wrapper\">\n\t\t\t\t\t\t\t\t\t<span class=\"elementor-button-text\">Nos innovations durables<\/span>\n\t\t\t\t\t<\/span>\n\t\t\t\t\t<\/a>\n\t\t\t\t<\/div>\n\t\t\t\t\t\t\t\t<\/div>\n\t\t\t\t<\/div>\n\t\t\t\t<\/div>\n\t\t<div class=\"elementor-element elementor-element-dee6d0a e-con-full e-flex e-con e-child\" data-id=\"dee6d0a\" data-element_type=\"container\" data-e-type=\"container\" data-settings=\"{&quot;background_background&quot;:&quot;classic&quot;}\">\n\t\t\t\t<\/div>\n\t\t\t\t<\/div>\n\t\t<div class=\"elementor-element elementor-element-c33d4b2 e-con-full e-flex e-con e-child\" data-id=\"c33d4b2\" data-element_type=\"container\" data-e-type=\"container\">\n\t\t<div class=\"elementor-element elementor-element-e35b89f e-con-full e-flex e-con e-child\" data-id=\"e35b89f\" data-element_type=\"container\" data-e-type=\"container\">\n\t\t\t\t<div class=\"elementor-element elementor-element-6019e08 elementor-widget elementor-widget-heading\" data-id=\"6019e08\" data-element_type=\"widget\" data-e-type=\"widget\" data-widget_type=\"heading.default\">\n\t\t\t\t<div class=\"elementor-widget-container\">\n\t\t\t\t\t<h2 class=\"elementor-heading-title elementor-size-default\">DES ESSENCES DE BOIS CERTIFI\u00c9ES<\/h2>\t\t\t\t<\/div>\n\t\t\t\t<\/div>\n\t\t\t\t<div class=\"elementor-element elementor-element-0a04cb1 elementor-widget elementor-widget-text-editor\" data-id=\"0a04cb1\" data-element_type=\"widget\" data-e-type=\"widget\" data-widget_type=\"text-editor.default\">\n\t\t\t\t<div class=\"elementor-widget-container\">\n\t\t\t\t\t\t\t\t\t<p>D\u00e8s la cr\u00e9ation de notre premier atelier dans les Pyr\u00e9n\u00e9es, nous avons choisi de travailler des essences locales de qualit\u00e9 : pins, sapins, m\u00e9l\u00e8zes\u2026 Aujourd\u2019hui, tous nos bois sont certi\ufb01\u00e9s FSC\u00ae, et il en va de m\u00eame pour nos ateliers. Nos manufactures fran\u00e7aises et portugaises d\u00e9tiennent \u00e9galement la certi\ufb01cation europ\u00e9enne PEFC. Nos \u00e9b\u00e9nistes fa\u00e7onnent donc des bois issus de for\u00eats g\u00e9r\u00e9es durablement. Et parce que ces essences sont d\u2019une qualit\u00e9 sup\u00e9rieure, nous prenons soin de toujours proposer des solutions de recyclage pour ne rien gaspiller de ces mat\u00e9riaux nobles. Si vous le souhaitez, nous pouvons vous aider \u00e0 certifier votre projet FSC, sur toute la chaine de valeur et d\u2019approvisionnement.<\/p>\t\t\t\t\t\t\t\t<\/div>\n\t\t\t\t<\/div>\n\t\t\t\t<\/div>\n\t\t<div class=\"elementor-element elementor-element-7e0895d e-con-full e-flex elementor-invisible e-con e-child\" data-id=\"7e0895d\" data-element_type=\"container\" data-e-type=\"container\" data-settings=\"{&quot;background_background&quot;:&quot;classic&quot;,&quot;animation&quot;:&quot;fadeIn&quot;}\">\n\t\t\t\t<\/div>\n\t\t\t\t<\/div>\n\t\t\t\t\t<\/div>\n\t\t\t\t<\/div>\n\t\t<div class=\"elementor-element elementor-element-4e239b2 e-flex e-con-boxed e-con e-parent\" data-id=\"4e239b2\" data-element_type=\"container\" data-e-type=\"container\" data-settings=\"{&quot;background_background&quot;:&quot;classic&quot;}\">\n\t\t\t\t\t<div class=\"e-con-inner\">\n\t\t\t\t<div class=\"elementor-element elementor-element-0923c7b elementor-widget__width-initial elementor-position-top elementor-widget elementor-widget-image-box\" data-id=\"0923c7b\" data-element_type=\"widget\" data-e-type=\"widget\" data-widget_type=\"image-box.default\">\n\t\t\t\t<div class=\"elementor-widget-container\">\n\t\t\t\t\t<div class=\"elementor-image-box-wrapper\"><figure class=\"elementor-image-box-img\"><img decoding=\"async\" width=\"220\" height=\"130\" src=\"https:\/\/www.prugent.com\/wp-content\/uploads\/2025\/04\/EcoVadis-Platinum-2004.png\" class=\"attachment-full size-full wp-image-2233\" alt=\"\" \/><\/figure><div class=\"elementor-image-box-content\"><p class=\"elementor-image-box-description\">Ecovadis Platinum<br \/>en 2024, TOP 1%<\/p><\/div><\/div>\t\t\t\t<\/div>\n\t\t\t\t<\/div>\n\t\t\t\t<div class=\"elementor-element elementor-element-6caf74b elementor-widget__width-initial elementor-position-top elementor-widget elementor-widget-image-box\" data-id=\"6caf74b\" data-element_type=\"widget\" data-e-type=\"widget\" data-widget_type=\"image-box.default\">\n\t\t\t\t<div class=\"elementor-widget-container\">\n\t\t\t\t\t<div class=\"elementor-image-box-wrapper\"><figure class=\"elementor-image-box-img\"><img decoding=\"async\" width=\"220\" height=\"130\" src=\"https:\/\/www.prugent.com\/wp-content\/uploads\/2025\/04\/CDP_Logo-new.png\" class=\"attachment-full size-full wp-image-2232\" alt=\"\" \/><\/figure><div class=\"elementor-image-box-content\"><p class=\"elementor-image-box-description\">A climate change,<br \/>A- Supply chain,<br \/>B water, C Forest<\/p><\/div><\/div>\t\t\t\t<\/div>\n\t\t\t\t<\/div>\n\t\t\t\t<div class=\"elementor-element elementor-element-652a104 elementor-widget__width-initial elementor-position-top elementor-widget elementor-widget-image-box\" data-id=\"652a104\" data-element_type=\"widget\" data-e-type=\"widget\" data-widget_type=\"image-box.default\">\n\t\t\t\t<div class=\"elementor-widget-container\">\n\t\t\t\t\t<div class=\"elementor-image-box-wrapper\"><figure class=\"elementor-image-box-img\"><img decoding=\"async\" width=\"220\" height=\"130\" src=\"https:\/\/www.prugent.com\/wp-content\/uploads\/2025\/04\/Logo-SBT1.png\" class=\"attachment-full size-full wp-image-2234\" alt=\"\" \/><\/figure><div class=\"elementor-image-box-content\"><p class=\"elementor-image-box-description\">-46% sur nos \u00e9missions carbones d\u2019ici 2030.<br \/>Trajectoire 1, 5\u00b0<br \/>valid\u00e9e par SBTi<\/p><\/div><\/div>\t\t\t\t<\/div>\n\t\t\t\t<\/div>\n\t\t\t\t<div class=\"elementor-element elementor-element-f42b55e elementor-widget__width-initial elementor-position-top elementor-widget elementor-widget-image-box\" data-id=\"f42b55e\" data-element_type=\"widget\" data-e-type=\"widget\" data-widget_type=\"image-box.default\">\n\t\t\t\t<div class=\"elementor-widget-container\">\n\t\t\t\t\t<div class=\"elementor-image-box-wrapper\"><figure class=\"elementor-image-box-img\"><img loading=\"lazy\" decoding=\"async\" width=\"220\" height=\"130\" src=\"https:\/\/www.prugent.com\/wp-content\/uploads\/2025\/04\/BusinessAmbition1-5.png\" class=\"attachment-full size-full wp-image-2231\" alt=\"\" \/><\/figure><div class=\"elementor-image-box-content\"><p class=\"elementor-image-box-description\">Align\u00e9 avec notre engagement SBT 1,5\u00b0, nous avons rejoint l\u2019initiative business ambition for 1, 5\u00b0<\/p><\/div><\/div>\t\t\t\t<\/div>\n\t\t\t\t<\/div>\n\t\t\t\t<div class=\"elementor-element elementor-element-60861fe elementor-widget__width-initial elementor-position-top elementor-widget elementor-widget-image-box\" data-id=\"60861fe\" data-element_type=\"widget\" data-e-type=\"widget\" data-widget_type=\"image-box.default\">\n\t\t\t\t<div class=\"elementor-widget-container\">\n\t\t\t\t\t<div class=\"elementor-image-box-wrapper\"><figure class=\"elementor-image-box-img\"><img loading=\"lazy\" decoding=\"async\" width=\"220\" height=\"130\" src=\"https:\/\/www.prugent.com\/wp-content\/uploads\/2025\/04\/act4nature-international.png\" class=\"attachment-full size-full wp-image-2230\" alt=\"\" \/><\/figure><div class=\"elementor-image-box-content\"><p class=\"elementor-image-box-description\">Notre engagement \u00e0 act4nature international est valid\u00e9 depuis 2024<\/p><\/div><\/div>\t\t\t\t<\/div>\n\t\t\t\t<\/div>\n\t\t\t\t\t<\/div>\n\t\t\t\t<\/div>\n\t\t<div class=\"elementor-element elementor-element-033565d content-after-mask e-flex e-con-boxed e-con e-parent\" data-id=\"033565d\" data-element_type=\"container\" data-e-type=\"container\">\n\t\t\t\t\t<div class=\"e-con-inner\">\n\t\t<div class=\"elementor-element elementor-element-dafed63 e-con-full e-flex elementor-invisible e-con e-child\" data-id=\"dafed63\" data-element_type=\"container\" data-e-type=\"container\" data-settings=\"{&quot;animation&quot;:&quot;fadeIn&quot;}\">\n\t\t<div class=\"elementor-element elementor-element-9954b28 e-con-full e-flex e-con e-child\" data-id=\"9954b28\" data-element_type=\"container\" data-e-type=\"container\">\n\t\t\t\t<div class=\"elementor-element elementor-element-14ae1aa elementor-widget elementor-widget-heading\" data-id=\"14ae1aa\" data-element_type=\"widget\" data-e-type=\"widget\" data-widget_type=\"heading.default\">\n\t\t\t\t<div class=\"elementor-widget-container\">\n\t\t\t\t\t<h2 class=\"elementor-heading-title elementor-size-default\">NOTRE VISION SOCIALE<\/h2>\t\t\t\t<\/div>\n\t\t\t\t<\/div>\n\t\t\t\t<div class=\"elementor-element elementor-element-8b086a0 elementor-widget elementor-widget-text-editor\" data-id=\"8b086a0\" data-element_type=\"widget\" data-e-type=\"widget\" data-widget_type=\"text-editor.default\">\n\t\t\t\t<div class=\"elementor-widget-container\">\n\t\t\t\t\t\t\t\t\t<p>Les artisans qui composent nos \u00e9quipes sont notre ressource la plus pr\u00e9cieuse et la cl\u00e9 de notre excellence. C\u2019est la raison pour laquelle nous nous engageons \u00e0 leur garantir un environnement de travail ad\u00e9quat, bas\u00e9 sur la con\ufb01ance, l\u2019\u00e9quit\u00e9 et l\u2019\u00e9change. Nous valorisons leur travail d\u2019\u00e9quipe et leur diversit\u00e9, et leur permettons de d\u00e9velopper leurs comp\u00e9tences, notamment via L\u2019ATELIER DES SAVOIRS Prugent. Nous garantissons \u00e9galement de bonnes conditions de travail dans tous nos ateliers \u00e0 travers le monde. Ces derniers sont r\u00e9guli\u00e8rement audit\u00e9s par nos clients et des cabinets ind\u00e9pendants, et nous avons cr\u00e9\u00e9 un code de conduite unique qui s\u2019applique dans chacune de nos manufactures. Cette \u00e9thique s\u2019\u00e9tend aussi \u00e0 nos partenaires et nos fournisseurs, que nous choisissons pour leur \ufb01abilit\u00e9.<\/p>\t\t\t\t\t\t\t\t<\/div>\n\t\t\t\t<\/div>\n\t\t\t\t<\/div>\n\t\t<div class=\"elementor-element elementor-element-f1fc686 e-con-full e-flex e-con e-child\" data-id=\"f1fc686\" data-element_type=\"container\" data-e-type=\"container\" data-settings=\"{&quot;background_background&quot;:&quot;classic&quot;}\">\n\t\t\t\t<\/div>\n\t\t\t\t<\/div>\n\t\t<div class=\"elementor-element elementor-element-8a30306 e-con-full e-flex e-con e-child\" data-id=\"8a30306\" data-element_type=\"container\" data-e-type=\"container\">\n\t\t<div class=\"elementor-element elementor-element-d94ff54 e-con-full e-flex e-con e-child\" data-id=\"d94ff54\" data-element_type=\"container\" data-e-type=\"container\">\n\t\t\t\t<div class=\"elementor-element elementor-element-c3aa912 elementor-widget elementor-widget-heading\" data-id=\"c3aa912\" data-element_type=\"widget\" data-e-type=\"widget\" data-widget_type=\"heading.default\">\n\t\t\t\t<div class=\"elementor-widget-container\">\n\t\t\t\t\t<h2 class=\"elementor-heading-title elementor-size-default\">DES ENGAGEMENTS ALIGN\u00c9S AVEC LA STRAT\u00c9GIE DU GROUPE DIAM<\/h2>\t\t\t\t<\/div>\n\t\t\t\t<\/div>\n\t\t\t\t<div class=\"elementor-element elementor-element-c000dfb elementor-widget elementor-widget-text-editor\" data-id=\"c000dfb\" data-element_type=\"widget\" data-e-type=\"widget\" data-widget_type=\"text-editor.default\">\n\t\t\t\t<div class=\"elementor-widget-container\">\n\t\t\t\t\t\t\t\t\t<p>Le groupe DIAM accompagne les marques de la beaut\u00e9 et du luxe, et le fait de fa\u00e7on responsable. les engagements du groupe sont soutenus par des certifications et des politiques ambitieuses.<\/p><p>DIAM se \ufb01xe comme objectif de r\u00e9duire de 46% entre 2019 et 2030 ses \u00e9missions de carbone directes et indirectes. Pour cette raison, nos ateliers Prugent revoient \u00e0 la baisse leurs consommations \u00e9nerg\u00e9tiques et am\u00e9liorent leur isolation thermique.<\/p><p>Le groupe s\u2019efforce d\u2019offrir un environnement s\u00fbr et stimulant \u00e0 son personnel et \u00e0 ses communaut\u00e9s , tout en respectant un code d\u2019\u00e9thique strict avec ses fournisseurs. Au-del\u00e0 de l\u2019aspect multiculturel, DIAM est attach\u00e9 \u00e0 promouvoir la diversit\u00e9 (notamment la parit\u00e9) et \u00e0 accompagner les personnes en difficult\u00e9, en 2024 le groupe compte 11% de ses e\ufb00ectifs en situation d\u2019inclusion.<\/p>\t\t\t\t\t\t\t\t<\/div>\n\t\t\t\t<\/div>\n\t\t\t\t<div class=\"elementor-element elementor-element-f37e67e elementor-align-left arrow_link elementor-widget elementor-widget-button\" data-id=\"f37e67e\" data-element_type=\"widget\" data-e-type=\"widget\" data-widget_type=\"button.default\">\n\t\t\t\t<div class=\"elementor-widget-container\">\n\t\t\t\t\t\t\t\t\t<div class=\"elementor-button-wrapper\">\n\t\t\t\t\t<a class=\"elementor-button elementor-button-link elementor-size-sm\" href=\"https:\/\/www.diaminter.com\/\" target=\"_blank\" rel=\"noopener\">\n\t\t\t\t\t\t<span class=\"elementor-button-content-wrapper\">\n\t\t\t\t\t\t<span class=\"elementor-button-icon\">\n\t\t\t\t<svg xmlns=\"http:\/\/www.w3.org\/2000\/svg\" id=\"Calque_1\" viewBox=\"0 0 16 16\"><defs><style>      .st0 {        stroke-linecap: round;        stroke-linejoin: round;      }      .st0, .st1 {        fill: none;        stroke: #1c1c1c;      }    <\/style><\/defs><g id=\"Groupe_413\"><path id=\"Trac&#xE9;_132\" class=\"st1\" d=\"M1.4,8h0Z\"><\/path><g id=\"Groupe_104\"><g id=\"Groupe_103\"><line id=\"Ligne_109\" class=\"st0\" x1=\"1.4\" y1=\"8\" x2=\"14.6\" y2=\"8\"><\/line><path id=\"Trac&#xE9;_133\" class=\"st0\" d=\"M8.2,1.6l6.4,6.4-6.4,6.4\"><\/path><\/g><\/g><\/g><\/svg>\t\t\t<\/span>\n\t\t\t\t\t\t\t\t\t<span class=\"elementor-button-text\">DIAM groupe<\/span>\n\t\t\t\t\t<\/span>\n\t\t\t\t\t<\/a>\n\t\t\t\t<\/div>\n\t\t\t\t\t\t\t\t<\/div>\n\t\t\t\t<\/div>\n\t\t\t\t<\/div>\n\t\t<div class=\"elementor-element elementor-element-e51543c e-con-full e-flex elementor-invisible e-con e-child\" data-id=\"e51543c\" data-element_type=\"container\" data-e-type=\"container\" data-settings=\"{&quot;background_background&quot;:&quot;classic&quot;,&quot;animation&quot;:&quot;fadeIn&quot;}\">\n\t\t\t\t<\/div>\n\t\t\t\t<\/div>\n\t\t\t\t\t<\/div>\n\t\t\t\t<\/div>\n\t\t<div class=\"elementor-element elementor-element-5fe7f707 e-flex e-con-boxed e-con e-parent\" data-id=\"5fe7f707\" data-element_type=\"container\" data-e-type=\"container\" data-settings=\"{&quot;background_background&quot;:&quot;classic&quot;}\">\n\t\t\t\t\t<div class=\"e-con-inner\">\n\t\t\t\t<div class=\"elementor-element elementor-element-1279891 elementor-widget elementor-widget-heading\" data-id=\"1279891\" data-element_type=\"widget\" data-e-type=\"widget\" data-widget_type=\"heading.default\">\n\t\t\t\t<div class=\"elementor-widget-container\">\n\t\t\t\t\t<h2 class=\"elementor-heading-title elementor-size-default\">NOTRE \u00c9QUIPE \u00c0 VOTRE \u00c9COUTE<\/h2>\t\t\t\t<\/div>\n\t\t\t\t<\/div>\n\t\t\t\t<div class=\"elementor-element elementor-element-7db548ba elementor-widget elementor-widget-text-editor\" data-id=\"7db548ba\" data-element_type=\"widget\" data-e-type=\"widget\" data-widget_type=\"text-editor.default\">\n\t\t\t\t<div class=\"elementor-widget-container\">\n\t\t\t\t\t\t\t\t\t<p>Nos experts en espaces de vente haut de gamme sont impatients de vous aider \u00e0 donner vie \u00e0 vos nouveaux projets retail, en France et \u00e0 l\u2019international.<\/p>\t\t\t\t\t\t\t\t<\/div>\n\t\t\t\t<\/div>\n\t\t\t\t<div class=\"elementor-element elementor-element-42f3c76b elementor-align-center cta_link_border elementor-widget elementor-widget-button\" data-id=\"42f3c76b\" data-element_type=\"widget\" data-e-type=\"widget\" data-widget_type=\"button.default\">\n\t\t\t\t<div class=\"elementor-widget-container\">\n\t\t\t\t\t\t\t\t\t<div class=\"elementor-button-wrapper\">\n\t\t\t\t\t<a class=\"elementor-button elementor-button-link elementor-size-sm\" href=\"https:\/\/www.prugent.com\/contact\/\">\n\t\t\t\t\t\t<span class=\"elementor-button-content-wrapper\">\n\t\t\t\t\t\t\t\t\t<span class=\"elementor-button-text\">Nous contacter<\/span>\n\t\t\t\t\t<\/span>\n\t\t\t\t\t<\/a>\n\t\t\t\t<\/div>\n\t\t\t\t\t\t\t\t<\/div>\n\t\t\t\t<\/div>\n\t\t\t\t\t<\/div>\n\t\t\t\t<\/div>\n\t\t\t\t<\/div>\n\t\t","protected":false},"excerpt":{"rendered":"<p>FSC\u00ae,  eco vadis platinum, CDP A, SBTi validated, EVP.  A strong family heritage built on respect\u2014for the environment, and for human values.\u200b<\/p>","protected":false},"author":1,"featured_media":1994,"parent":0,"menu_order":0,"comment_status":"closed","ping_status":"closed","template":"","meta":{"footnotes":""},"class_list":["post-24","page","type-page","status-publish","has-post-thumbnail","hentry"],"_links":{"self":[{"href":"https:\/\/www.prugent.com\/en\/wp-json\/wp\/v2\/pages\/24","targetHints":{"allow":["GET"]}}],"collection":[{"href":"https:\/\/www.prugent.com\/en\/wp-json\/wp\/v2\/pages"}],"about":[{"href":"https:\/\/www.prugent.com\/en\/wp-json\/wp\/v2\/types\/page"}],"author":[{"embeddable":true,"href":"https:\/\/www.prugent.com\/en\/wp-json\/wp\/v2\/users\/1"}],"replies":[{"embeddable":true,"href":"https:\/\/www.prugent.com\/en\/wp-json\/wp\/v2\/comments?post=24"}],"version-history":[{"count":78,"href":"https:\/\/www.prugent.com\/en\/wp-json\/wp\/v2\/pages\/24\/revisions"}],"predecessor-version":[{"id":3573,"href":"https:\/\/www.prugent.com\/en\/wp-json\/wp\/v2\/pages\/24\/revisions\/3573"}],"wp:featuredmedia":[{"embeddable":true,"href":"https:\/\/www.prugent.com\/en\/wp-json\/wp\/v2\/media\/1994"}],"wp:attachment":[{"href":"https:\/\/www.prugent.com\/en\/wp-json\/wp\/v2\/media?parent=24"}],"curies":[{"name":"wp","href":"https:\/\/api.w.org\/{rel}","templated":true}]}}