

{"id":30,"date":"2025-04-07T10:48:36","date_gmt":"2025-04-07T10:48:36","guid":{"rendered":"https:\/\/www.www.prugent.com\/?page_id=30"},"modified":"2025-07-08T13:44:54","modified_gmt":"2025-07-08T13:44:54","slug":"privacy","status":"publish","type":"page","link":"https:\/\/www.prugent.com\/en\/confidentialite\/","title":{"rendered":"Privacy"},"content":{"rendered":"\t\t<div data-elementor-type=\"wp-page\" data-elementor-id=\"30\" class=\"elementor elementor-30\" data-elementor-post-type=\"page\">\n\t\t\t\t<div class=\"elementor-element elementor-element-8a77cb3 e-con-full elementor-hidden-tablet elementor-hidden-mobile top_header_icon_page e-flex e-con e-parent\" data-id=\"8a77cb3\" data-element_type=\"container\" data-e-type=\"container\" data-settings=\"{&quot;background_background&quot;:&quot;classic&quot;}\">\n\t\t\t\t<div class=\"elementor-element elementor-element-b36c4b2 elementor-absolute arrow_header_down elementor-view-default elementor-widget elementor-widget-icon\" data-id=\"b36c4b2\" data-element_type=\"widget\" data-e-type=\"widget\" data-settings=\"{&quot;_position&quot;:&quot;absolute&quot;}\" data-widget_type=\"icon.default\">\n\t\t\t\t<div class=\"elementor-widget-container\">\n\t\t\t\t\t\t\t<div class=\"elementor-icon-wrapper\">\n\t\t\t<div class=\"elementor-icon\">\n\t\t\t<svg xmlns=\"http:\/\/www.w3.org\/2000\/svg\" id=\"a\" data-name=\"Calque 1\" width=\"12\" height=\"8.5\" viewBox=\"0 0 12 8.5\"><g id=\"b\" data-name=\"Groupe 413\"><g id=\"c\" data-name=\"Groupe 104\"><g id=\"d\" data-name=\"Groupe 103\"><line id=\"e\" data-name=\"Ligne 109\" x1=\"6\" y1=\".5\" x2=\"6\" y2=\"8\" fill=\"none\" stroke=\"#fff\" stroke-linecap=\"round\" stroke-linejoin=\"round\"><\/line><path id=\"f\" data-name=\"Trac&#xE9; 133\" d=\"M11.5,4.3636l-5.5,3.6364L.5,4.3636\" fill=\"none\" stroke=\"#fff\" stroke-linecap=\"round\" stroke-linejoin=\"round\"><\/path><\/g><\/g><\/g><\/svg>\t\t\t<\/div>\n\t\t<\/div>\n\t\t\t\t\t\t<\/div>\n\t\t\t\t<\/div>\n\t\t\t\t<\/div>\n\t\t<div class=\"elementor-element elementor-element-968661b e-con-full mon_header_page e-flex e-con e-parent\" data-id=\"968661b\" data-element_type=\"container\" data-e-type=\"container\" data-settings=\"{&quot;background_background&quot;:&quot;classic&quot;}\">\n\t\t<div class=\"elementor-element elementor-element-470f605 e-con-full hero-content-page-2 e-flex e-con e-child\" data-id=\"470f605\" data-element_type=\"container\" data-e-type=\"container\" data-settings=\"{&quot;position&quot;:&quot;absolute&quot;}\">\n\t\t\t\t<div class=\"elementor-element elementor-element-371b73c hero-content-header-2 elementor-widget elementor-widget-heading\" data-id=\"371b73c\" data-element_type=\"widget\" data-e-type=\"widget\" data-settings=\"{&quot;motion_fx_motion_fx_scrolling&quot;:&quot;yes&quot;,&quot;motion_fx_translateY_effect&quot;:&quot;yes&quot;,&quot;motion_fx_translateY_speed&quot;:{&quot;unit&quot;:&quot;px&quot;,&quot;size&quot;:2,&quot;sizes&quot;:[]},&quot;motion_fx_opacity_effect&quot;:&quot;yes&quot;,&quot;motion_fx_opacity_range&quot;:{&quot;unit&quot;:&quot;%&quot;,&quot;size&quot;:&quot;&quot;,&quot;sizes&quot;:{&quot;start&quot;:0,&quot;end&quot;:30}},&quot;motion_fx_translateY_affectedRange&quot;:{&quot;unit&quot;:&quot;%&quot;,&quot;size&quot;:&quot;&quot;,&quot;sizes&quot;:{&quot;start&quot;:0,&quot;end&quot;:100}},&quot;motion_fx_opacity_direction&quot;:&quot;out-in&quot;,&quot;motion_fx_opacity_level&quot;:{&quot;unit&quot;:&quot;px&quot;,&quot;size&quot;:10,&quot;sizes&quot;:[]},&quot;motion_fx_devices&quot;:[&quot;desktop&quot;,&quot;tablet&quot;,&quot;mobile&quot;]}\" data-widget_type=\"heading.default\">\n\t\t\t\t<div class=\"elementor-widget-container\">\n\t\t\t\t\t<h1 class=\"elementor-heading-title elementor-size-default\">Confidentialit\u00e9<\/h1>\t\t\t\t<\/div>\n\t\t\t\t<\/div>\n\t\t\t\t<div class=\"elementor-element elementor-element-42eaf46 hero-content-subtitle-2 elementor-widget elementor-widget-text-editor\" data-id=\"42eaf46\" data-element_type=\"widget\" data-e-type=\"widget\" data-settings=\"{&quot;motion_fx_motion_fx_scrolling&quot;:&quot;yes&quot;,&quot;motion_fx_translateY_effect&quot;:&quot;yes&quot;,&quot;motion_fx_opacity_effect&quot;:&quot;yes&quot;,&quot;motion_fx_opacity_range&quot;:{&quot;unit&quot;:&quot;%&quot;,&quot;size&quot;:&quot;&quot;,&quot;sizes&quot;:{&quot;start&quot;:20,&quot;end&quot;:50}},&quot;motion_fx_translateY_speed&quot;:{&quot;unit&quot;:&quot;px&quot;,&quot;size&quot;:4,&quot;sizes&quot;:[]},&quot;motion_fx_translateY_affectedRange&quot;:{&quot;unit&quot;:&quot;%&quot;,&quot;size&quot;:&quot;&quot;,&quot;sizes&quot;:{&quot;start&quot;:0,&quot;end&quot;:100}},&quot;motion_fx_opacity_direction&quot;:&quot;out-in&quot;,&quot;motion_fx_opacity_level&quot;:{&quot;unit&quot;:&quot;px&quot;,&quot;size&quot;:10,&quot;sizes&quot;:[]},&quot;motion_fx_devices&quot;:[&quot;desktop&quot;,&quot;tablet&quot;,&quot;mobile&quot;]}\" data-widget_type=\"text-editor.default\">\n\t\t\t\t<div class=\"elementor-widget-container\">\n\t\t\t\t\t\t\t\t\t<p>NOTRE \u00c9QUIPE<br \/>\u00c0 VOTRE \u00c9COUTE<\/p>\t\t\t\t\t\t\t\t<\/div>\n\t\t\t\t<\/div>\n\t\t\t\t<\/div>\n\t\t\t\t<\/div>\n\t\t<div class=\"elementor-element elementor-element-f776064 e-flex e-con-boxed e-con e-parent\" data-id=\"f776064\" data-element_type=\"container\" data-e-type=\"container\">\n\t\t\t\t\t<div class=\"e-con-inner\">\n\t\t\t\t<div class=\"elementor-element elementor-element-d7c15bb elementor-widget elementor-widget-html\" data-id=\"d7c15bb\" data-element_type=\"widget\" data-e-type=\"widget\" data-widget_type=\"html.default\">\n\t\t\t\t<div class=\"elementor-widget-container\">\n\t\t\t\t\t<div style=\"\n  position: absolute;\n  left: 50%;\n  transform: translateX(-50%);\n  width: 0;\n  height: 0;\n  border-left: 18px solid transparent;\n  border-right: 18px solid transparent;\n  border-top: 20px solid #1C1C1C;\n  z-index: 10;\n\"><\/div>\t\t\t\t<\/div>\n\t\t\t\t<\/div>\n\t\t\t\t\t<\/div>\n\t\t\t\t<\/div>\n\t\t<div class=\"elementor-element elementor-element-7746f94 e-flex e-con-boxed e-con e-parent\" data-id=\"7746f94\" data-element_type=\"container\" data-e-type=\"container\">\n\t\t\t\t\t<div class=\"e-con-inner\">\n\t\t\t\t<div class=\"elementor-element elementor-element-0c0d4ff elementor-widget elementor-widget-text-editor\" data-id=\"0c0d4ff\" data-element_type=\"widget\" data-e-type=\"widget\" data-widget_type=\"text-editor.default\">\n\t\t\t\t<div class=\"elementor-widget-container\">\n\t\t\t\t\t\t\t\t\t<p>Conform\u00e9ment aux dispositions de la loi n\u00b0 2004-575 du 21 juin 2004 pour la confiance en l\u2019\u00e9conomie num\u00e9rique, il est pr\u00e9cis\u00e9 aux utilisateurs du site Prugent la politique de confidentialit\u00e9.<\/p>\t\t\t\t\t\t\t\t<\/div>\n\t\t\t\t<\/div>\n\t\t\t\t\t<\/div>\n\t\t\t\t<\/div>\n\t\t<div class=\"elementor-element elementor-element-1f66f10 e-flex e-con-boxed e-con e-parent\" data-id=\"1f66f10\" data-element_type=\"container\" data-e-type=\"container\">\n\t\t\t\t\t<div class=\"e-con-inner\">\n\t\t\t\t<div class=\"elementor-element elementor-element-930a17f elementor-widget elementor-widget-heading\" data-id=\"930a17f\" data-element_type=\"widget\" data-e-type=\"widget\" data-widget_type=\"heading.default\">\n\t\t\t\t<div class=\"elementor-widget-container\">\n\t\t\t\t\t<h2 class=\"elementor-heading-title elementor-size-default\">ARTICLE 1 \u2013 Pourquoi des donn\u00e9es personnelles vous concernant sont-elles collect\u00e9es par Prugent ?<\/h2>\t\t\t\t<\/div>\n\t\t\t\t<\/div>\n\t\t\t\t<div class=\"elementor-element elementor-element-9849bcf elementor-widget elementor-widget-text-editor\" data-id=\"9849bcf\" data-element_type=\"widget\" data-e-type=\"widget\" data-widget_type=\"text-editor.default\">\n\t\t\t\t<div class=\"elementor-widget-container\">\n\t\t\t\t\t\t\t\t\t<p><b>Prugent<\/b>\u00a0peut \u00eatre amen\u00e9e \u00e0 collecter et traiter des donn\u00e9es comportementales de ses clients, de ses prospects et des utilisateurs du site internet et des donn\u00e9es d\u2019interaction avec ces derniers (ci-apr\u00e8s prises dans leur ensemble \u00ab Donn\u00e9es Personnelles \u00bb). Ces donn\u00e9es personnelles dans le cadre de l\u2019utilisation du site et des Services font l\u2019objet de traitements aux fins suivantes :<\/p><p>\u00a0\u2013 Lorsque nous collectons des Donn\u00e9es Personnelles n\u00e9cessaires \u00e0 l\u2019am\u00e9lioration de l\u2019exp\u00e9rience utilisateur ;<\/p><p>\u2013 Lorsque nous r\u00e9alisons des \u00e9tudes statistiques et des mesures d\u2019audience de consultation de nos sites internet.<\/p><p><b>Prugent <\/b>ne collecte que les donn\u00e9es ad\u00e9quates, pertinentes et limit\u00e9es \u00e0 ce qui est n\u00e9cessaire au regard des objectifs pour lesquels elles sont trait\u00e9es. Ces objectifs sont sp\u00e9cifiques et l\u00e9gitimes et, en aucun cas, vos donn\u00e9es ne seront trait\u00e9es ult\u00e9rieurement d\u2019une mani\u00e8re incompatible avec ces finalit\u00e9s, sauf \u00e0 recueillir votre accord pr\u00e9alable.<\/p><p>La pr\u00e9sente charte pr\u00e9sente les engagements de\u00a0<b>Prugent<\/b>\u00a0pour la protection des Donn\u00e9es Personnelles des internautes visitant le pr\u00e9sent site et des utilisateurs des Services. Elle vous informe \u00e9galement des proc\u00e9d\u00e9s de collecte et d\u2019utilisation de vos Donn\u00e9es Personnelles et des options dont vous b\u00e9n\u00e9ficiez \u00e0 cet \u00e9gard.<\/p><p>Elle pourra \u00eatre modifi\u00e9e \u00e0 tout moment par\u00a0<b>Prugent<\/b>, au gr\u00e9 des modifications effectu\u00e9es, afin notamment de se conformer \u00e0 toutes \u00e9volutions r\u00e9glementaires, jurisprudentielles, \u00e9ditoriales et\/ou techniques.<\/p><p><b>Prugent<\/b>\u00a0respecte le R\u00e8glement G\u00e9n\u00e9ral de la loi n\u00b0 2018-493 du 20 juin 2018 relative \u00e0 la protection des donn\u00e9es personnelles.<\/p>\t\t\t\t\t\t\t\t<\/div>\n\t\t\t\t<\/div>\n\t\t\t\t<div class=\"elementor-element elementor-element-a00d218 elementor-widget elementor-widget-heading\" data-id=\"a00d218\" data-element_type=\"widget\" data-e-type=\"widget\" data-widget_type=\"heading.default\">\n\t\t\t\t<div class=\"elementor-widget-container\">\n\t\t\t\t\t<h2 class=\"elementor-heading-title elementor-size-default\">ARTICLE 2 \u2013 Quelles sont les donn\u00e9es collect\u00e9es par Prugent ?  <\/h2>\t\t\t\t<\/div>\n\t\t\t\t<\/div>\n\t\t\t\t<div class=\"elementor-element elementor-element-a5d2a40 elementor-widget elementor-widget-text-editor\" data-id=\"a5d2a40\" data-element_type=\"widget\" data-e-type=\"widget\" data-widget_type=\"text-editor.default\">\n\t\t\t\t<div class=\"elementor-widget-container\">\n\t\t\t\t\t\t\t\t\t<p>Les donn\u00e9es collect\u00e9es par\u00a0<b>Prugent<\/b>\u00a0sont essentiellement les donn\u00e9es r\u00e9cup\u00e9r\u00e9s dans le formulaire de contact soit [le nom, l\u2019adresse mail et le message envoy\u00e9].<\/p><p>\u00a0Donn\u00e9es comportementales :\u00a0<b>Prugent<\/b>\u00a0est \u00e9galement susceptible de proc\u00e9der \u00e0 la collecte de vos donn\u00e9es de navigation gr\u00e2ce aux outils de collecte de donn\u00e9es : cookies, tag, balises, et tout autre moyen technique appropri\u00e9 install\u00e9s sur les Services (ci-apr\u00e8s pris dans leur ensemble d\u00e9nomm\u00e9s les \u00ab Outils \u00bb).<\/p><p>\u00a0Nous vous conseillons donc de les laisser actifs pour profiter pleinement de nos services et de votre navigation sur nos sites.<\/p><p>\u00a0Les Outils permettent, lors de chacune de vos visites, et selon les finalit\u00e9s d\u00e9termin\u00e9es \u00e0 l\u2019article 2 :<\/p><p>\u2013 de r\u00e9aliser des \u00e9tudes statistiques,<\/p><p>\u2013 d\u2019optimiser le site internet,<\/p><p>\u2013 d\u2019adapter le contenu d\u2019un service \u00e0 vos donn\u00e9es comportementales.<\/p><p>\u2013 plus g\u00e9n\u00e9ralement, d\u2019\u00e9tudier votre comportement durant votre navigation sur le Site afin de vous offrir une meilleure exp\u00e9rience de navigation et d\u2019usage de nos Services.<\/p><p><b>Prugent<\/b>\u00a0accorde une grande importance \u00e0 la protection des donn\u00e9es personnelles de ses contacts, clients, partenaires, salari\u00e9s et utilisateurs du site internet.<\/p>\t\t\t\t\t\t\t\t<\/div>\n\t\t\t\t<\/div>\n\t\t\t\t<div class=\"elementor-element elementor-element-daa2815 elementor-widget elementor-widget-heading\" data-id=\"daa2815\" data-element_type=\"widget\" data-e-type=\"widget\" data-widget_type=\"heading.default\">\n\t\t\t\t<div class=\"elementor-widget-container\">\n\t\t\t\t\t<h2 class=\"elementor-heading-title elementor-size-default\">ARTICLE 3 \u2013 Quels sont les destinataires des donn\u00e9es personnels ?<\/h2>\t\t\t\t<\/div>\n\t\t\t\t<\/div>\n\t\t\t\t<div class=\"elementor-element elementor-element-ec0ae45 elementor-widget elementor-widget-text-editor\" data-id=\"ec0ae45\" data-element_type=\"widget\" data-e-type=\"widget\" data-widget_type=\"text-editor.default\">\n\t\t\t\t<div class=\"elementor-widget-container\">\n\t\t\t\t\t\t\t\t\t<p>Vos donn\u00e9es personnelles sont destin\u00e9e \u00e0\u00a0<b>Prugent<\/b>\u00a0et \u00e0 son \u00e9cosyst\u00e8me. Les Donn\u00e9es Personnelles ne sortent en aucun cas, de ce cadre. Sauf exception, conform\u00e9ment \u00e0 la r\u00e9glementation en vigueur, vos Donn\u00e9es Personnelles peuvent \u00eatre transmises aux autorit\u00e9s comp\u00e9tentes sur requ\u00eate.<\/p>\t\t\t\t\t\t\t\t<\/div>\n\t\t\t\t<\/div>\n\t\t\t\t<div class=\"elementor-element elementor-element-85783ff elementor-widget elementor-widget-heading\" data-id=\"85783ff\" data-element_type=\"widget\" data-e-type=\"widget\" data-widget_type=\"heading.default\">\n\t\t\t\t<div class=\"elementor-widget-container\">\n\t\t\t\t\t<h2 class=\"elementor-heading-title elementor-size-default\">ARTICLE 4 \u2013 Quels est la dur\u00e9e de conservation des donn\u00e9es personnelles ?<\/h2>\t\t\t\t<\/div>\n\t\t\t\t<\/div>\n\t\t\t\t<div class=\"elementor-element elementor-element-8f44da3 elementor-widget elementor-widget-text-editor\" data-id=\"8f44da3\" data-element_type=\"widget\" data-e-type=\"widget\" data-widget_type=\"text-editor.default\">\n\t\t\t\t<div class=\"elementor-widget-container\">\n\t\t\t\t\t\t\t\t\t<p>L\u2019ensemble de vos donn\u00e9es sont confidentielles. Les informations enregistr\u00e9es sont destin\u00e9es \u00e0 l\u2019usage de la soci\u00e9t\u00e9\u00a0<b>Prugent<\/b>\u00a0et de son \u00e9cosyst\u00e8me. Elles ne sont rendues accessibles qu\u2019aux services et personnels habilit\u00e9s \u00e0 en prendre connaissance.<\/p><p>\u00a0\u2013 Elles sont conserv\u00e9es pendant la dur\u00e9e de la relation commerciale et trois ans \u00e0 compter de la fin de la relation commerciale pour les clients.<\/p><p>\u2013 Elles sont conserv\u00e9es pendant trois ans \u00e0 compter du dernier contact \u00e9manant du prospect<\/p>\t\t\t\t\t\t\t\t<\/div>\n\t\t\t\t<\/div>\n\t\t\t\t<div class=\"elementor-element elementor-element-f1b7645 elementor-widget elementor-widget-heading\" data-id=\"f1b7645\" data-element_type=\"widget\" data-e-type=\"widget\" data-widget_type=\"heading.default\">\n\t\t\t\t<div class=\"elementor-widget-container\">\n\t\t\t\t\t<h2 class=\"elementor-heading-title elementor-size-default\">Article 5 \u2013 Quelle est la politique de Prugent en mati\u00e8re de cookies ?<\/h2>\t\t\t\t<\/div>\n\t\t\t\t<\/div>\n\t\t\t\t<div class=\"elementor-element elementor-element-5853271 elementor-widget elementor-widget-text-editor\" data-id=\"5853271\" data-element_type=\"widget\" data-e-type=\"widget\" data-widget_type=\"text-editor.default\">\n\t\t\t\t<div class=\"elementor-widget-container\">\n\t\t\t\t\t\t\t\t\t<p><b>Prugent<\/b>\u00a0utilise des cookies et des technologies d\u2019identification similaires.<br \/>Un cookie est un petit fichier de donn\u00e9es copi\u00e9 sur le disque dur de votre ordinateur par un site Web. Il enregistre des informations relatives \u00e0 la navigation de votre ordinateur sur un site (telles que par exemple les pages visit\u00e9es ou encore les dates et heures de consultation), qui pourront \u00eatre lues lors de vos visites ult\u00e9rieures sur le site.<\/p><p>Les cookies mis en place sur le site sont de plusieurs types et r\u00e9pondent \u00e0 des finalit\u00e9s diff\u00e9rentes :<\/p><p>\u2013 Des cookies de navigation, qui permettent de faciliter la navigation sur le Site ou qui sont n\u00e9cessaires \u00e0 la fourniture des Services que vous commandez : cookies \u00ab panier d\u2019achat \u00bb, cookies de session, ou encore cookies flash permettant de faire fonctionner un lecteur media lorsque cela est n\u00e9cessaire au fonctionnement des Services que vous commandez par exemple;<\/p><p>\u00a0\u2013 Des cookies de mesure d\u2019audience, qui nous permettent d\u2019obtenir des statistiques de fr\u00e9quentation anonymes.\u00a0<b>Prugent <\/b>utilise ces cookies afin de d\u00e9tecter les probl\u00e8mes de navigation qui pourraient survenir sur le Site, en am\u00e9liorer les performances et les fonctionnalit\u00e9s, ou encore am\u00e9liorer les Services;<\/p><p>\u00a0\u2013 Des cookies d\u2019analyse comportementale, qui permettent de collecter des donn\u00e9es comportementales. Ces donn\u00e9es nous permettent par exemple de savoir si vous \u00eates d\u00e9j\u00e0 venu sur le site auparavant, nous aident \u00e0 identifier quelles informations du Site pourraient vous int\u00e9resser le plus, et contribuent \u00e0 am\u00e9liorer votre navigation et la rendre plus int\u00e9ressante. Pour cela nous gardons trace de vos pr\u00e9f\u00e9rences lorsque vous consultez un site particulier.<\/p>\t\t\t\t\t\t\t\t<\/div>\n\t\t\t\t<\/div>\n\t\t\t\t<div class=\"elementor-element elementor-element-3f1b2c4 elementor-widget elementor-widget-heading\" data-id=\"3f1b2c4\" data-element_type=\"widget\" data-e-type=\"widget\" data-widget_type=\"heading.default\">\n\t\t\t\t<div class=\"elementor-widget-container\">\n\t\t\t\t\t<h2 class=\"elementor-heading-title elementor-size-default\">ARTICLE 6 \u2013 Quels sont les mesures de s\u00e9curit\u00e9s ?<\/h2>\t\t\t\t<\/div>\n\t\t\t\t<\/div>\n\t\t\t\t<div class=\"elementor-element elementor-element-a0f25fa elementor-widget elementor-widget-text-editor\" data-id=\"a0f25fa\" data-element_type=\"widget\" data-e-type=\"widget\" data-widget_type=\"text-editor.default\">\n\t\t\t\t<div class=\"elementor-widget-container\">\n\t\t\t\t\t\t\t\t\t<p>Les Donn\u00e9es Personnelles \u00e9tant confidentielles,\u00a0<b>Prugent<\/b>\u00a0limite leur acc\u00e8s aux seuls collaborateurs de la soci\u00e9t\u00e9, prestataires en ayant besoin dans le cadre de l\u2019ex\u00e9cution du traitement.<\/p><p>\u00a0Toutes les personnes ayant acc\u00e8s aux Donn\u00e9es Personnelles sont li\u00e9es par un devoir de confidentialit\u00e9 et s\u2019exposent \u00e0 des mesures disciplinaires et\/ou autres sanctions si elles ne respectent pas ces obligations.<\/p>\t\t\t\t\t\t\t\t<\/div>\n\t\t\t\t<\/div>\n\t\t\t\t<div class=\"elementor-element elementor-element-52593f2 elementor-widget elementor-widget-heading\" data-id=\"52593f2\" data-element_type=\"widget\" data-e-type=\"widget\" data-widget_type=\"heading.default\">\n\t\t\t\t<div class=\"elementor-widget-container\">\n\t\t\t\t\t<h2 class=\"elementor-heading-title elementor-size-default\">ARTICLE 7 \u2013 Quels sont vos droits et comment les exercer ?<\/h2>\t\t\t\t<\/div>\n\t\t\t\t<\/div>\n\t\t\t\t<div class=\"elementor-element elementor-element-48099fa elementor-widget elementor-widget-text-editor\" data-id=\"48099fa\" data-element_type=\"widget\" data-e-type=\"widget\" data-widget_type=\"text-editor.default\">\n\t\t\t\t<div class=\"elementor-widget-container\">\n\t\t\t\t\t\t\t\t\t<p>Vous disposez, sous r\u00e9serve des limites pr\u00e9vues par la r\u00e9glementation en vigueur, de plusieurs droits \u00e0 l\u2019\u00e9gard du traitement de vos Donn\u00e9es Personnelles :<br \/>\u2013 le droit d\u2019\u00eatre inform\u00e9 sur l\u2019utilisation de vos Donn\u00e9es Personnelles,<br \/>\u2013 le droit d\u2019acc\u00e9der aux informations personnelles que nous poss\u00e9dons sur vous,<br \/>\u2013 le droit de demander la correction des Donn\u00e9es Personnelles inexactes, incompl\u00e8tes, \u00e9quivoques, p\u00e9rim\u00e9es<br \/>\u2013 le droit de demander que\u00a0<b>Prugent<\/b>\u00a0supprime vos Donn\u00e9es Personnelles ou qu\u2019elle arr\u00eate de les traiter dans certaines circonstances,<br \/>\u2013 le droit de retirer votre consentement \u00e0 recevoir des informations de notre part et vous opposer au traitement de vos donn\u00e9es (notamment en vue de vous adresser des messages de prospection commerciale),<br \/>\u2013 le droit de demander que nous vous remettons vos donn\u00e9es ou que nous les transf\u00e9rons \u00e0 un autre fournisseur de service (droit \u00e0 la portabilit\u00e9),<br \/>\u2013 le droit de d\u00e9finir des directives relatives au sort de vos Donn\u00e9es Personnelles apr\u00e8s votre mort,<br \/>\u2013 le droit de vous plaindre aupr\u00e8s de l\u2019autorit\u00e9 nationale en charge de la protection des donn\u00e9es Personnelles (en France, il s\u2019agit de la Commission Nationale de l\u2019Informatique et des Libert\u00e9s, la CNIL dont les coordonn\u00e9es figurent \u00e0 l\u2019adresse : https:\/\/www.cnil.fr\/fr\/vous-souhaitez-contacter-la-cnil).<\/p><p>Pour cesser de recevoir des messages de\u00a0<b>Prugent<\/b>, vous pouvez \u00e9galement cliquer sur le lien de d\u00e9sabonnement figurant dans chacun de nos messages.<br \/>Lorsque vous souhaitez exercer un droit, vos demandes devront \u00eatre pr\u00e9sent\u00e9es par \u00e9crit et devront \u00eatre sign\u00e9es et accompagn\u00e9es de la photocopie d\u2019un titre d\u2019identit\u00e9 portant votre signature. La demande devra pr\u00e9ciser l\u2019adresse \u00e0 laquelle devra parvenir la r\u00e9ponse.\u00a0<b>Prugent<\/b>\u00a0disposera d\u2019un d\u00e9lai de 1 (un) mois pour r\u00e9pondre suivant r\u00e9ception de votre demande. Ce d\u00e9lai pourra \u00eatre prorog\u00e9 de deux mois, compte tenu de la complexit\u00e9 et du nombre de demandes adress\u00e9es \u00e0\u00a0<b>Prugent<\/b>. Dans ce cas, nous vous informerons de cette prorogation et des motifs la justifiant.<\/p>\t\t\t\t\t\t\t\t<\/div>\n\t\t\t\t<\/div>\n\t\t\t\t\t<\/div>\n\t\t\t\t<\/div>\n\t\t\t\t<\/div>\n\t\t","protected":false},"excerpt":{"rendered":"<p>Read Prugent\u2019s privacy policy: personal data protection and our commitment to keeping your information secure.<\/p>","protected":false},"author":1,"featured_media":2002,"parent":0,"menu_order":0,"comment_status":"closed","ping_status":"closed","template":"","meta":{"footnotes":""},"class_list":["post-30","page","type-page","status-publish","has-post-thumbnail","hentry"],"_links":{"self":[{"href":"https:\/\/www.prugent.com\/en\/wp-json\/wp\/v2\/pages\/30","targetHints":{"allow":["GET"]}}],"collection":[{"href":"https:\/\/www.prugent.com\/en\/wp-json\/wp\/v2\/pages"}],"about":[{"href":"https:\/\/www.prugent.com\/en\/wp-json\/wp\/v2\/types\/page"}],"author":[{"embeddable":true,"href":"https:\/\/www.prugent.com\/en\/wp-json\/wp\/v2\/users\/1"}],"replies":[{"embeddable":true,"href":"https:\/\/www.prugent.com\/en\/wp-json\/wp\/v2\/comments?post=30"}],"version-history":[{"count":39,"href":"https:\/\/www.prugent.com\/en\/wp-json\/wp\/v2\/pages\/30\/revisions"}],"predecessor-version":[{"id":3577,"href":"https:\/\/www.prugent.com\/en\/wp-json\/wp\/v2\/pages\/30\/revisions\/3577"}],"wp:featuredmedia":[{"embeddable":true,"href":"https:\/\/www.prugent.com\/en\/wp-json\/wp\/v2\/media\/2002"}],"wp:attachment":[{"href":"https:\/\/www.prugent.com\/en\/wp-json\/wp\/v2\/media?parent=30"}],"curies":[{"name":"wp","href":"https:\/\/api.w.org\/{rel}","templated":true}]}}